{"id":11,"date":"2021-05-08T15:18:05","date_gmt":"2021-05-08T15:18:05","guid":{"rendered":"https:\/\/lotusmkt.com.ar\/?page_id=11"},"modified":"2021-05-22T03:38:05","modified_gmt":"2021-05-22T03:38:05","slug":"quienes-somos","status":"publish","type":"page","link":"https:\/\/lotusmkt.com.ar\/index.php\/quienes-somos\/","title":{"rendered":"Quienes Somos"},"content":{"rendered":"\n<p>LOTUS MKT es la divisi\u00f3n de marketing digital de <a href=\"http:\/\/anibalrodriguez.com.ar\/\">ESTUDI<\/a><a href=\"http:\/\/anibalrodriguez.com.ar\/\" target=\"_blank\" rel=\"noreferrer noopener\">O AR<\/a>  conformada por la generaci\u00f3n de j\u00f3venes que nacieron con Internet. Viendo que este equipo necesitaba entidad propia se procedi\u00f3 a darles libertad de acci\u00f3n creando una unidad de negocios paralela especializada en en las \u00e1reas m\u00e1s innovadoras de las TIC.<\/p>\n\n\n\n<p>La posibilidad de trabajar como aliados estrat\u00e9gicos enriqueci\u00f3 nuestro desempe\u00f1o.<br>Contamos con el esp\u00edritu joven necesario para afrontar desaf\u00edos que otros no aceptar\u00edan y para nosotros es motivo de satisfacci\u00f3n.<\/p>\n","protected":false},"excerpt":{"rendered":"<p>LOTUS MKT es la divisi\u00f3n de marketing digital de ESTUDIO AR conformada por la generaci\u00f3n de j\u00f3venes que nacieron con Internet. Viendo que este equipo necesitaba entidad propia se procedi\u00f3 a darles libertad de acci\u00f3n creando una unidad de negocios paralela especializada en en las \u00e1reas m\u00e1s innovadoras de las TIC. La posibilidad de trabajar [&hellip;]<\/p>\n","protected":false},"author":1,"featured_media":0,"parent":0,"menu_order":0,"comment_status":"closed","ping_status":"closed","template":"","meta":{"footnotes":""},"class_list":["post-11","page","type-page","status-publish","hentry"],"yoast_head":"<!-- This site is optimized with the Yoast SEO plugin v27.5 - https:\/\/yoast.com\/product\/yoast-seo-wordpress\/ -->\n<title>Quienes somos<\/title>\n<meta name=\"description\" content=\"LOTUS MKT es la divisi\u00f3n de marketing digital de ESTUDIO AR especializada en acciones de Marketing digital y TIC\" \/>\n<meta name=\"robots\" content=\"index, follow, max-snippet:-1, max-image-preview:large, max-video-preview:-1\" \/>\n<link rel=\"canonical\" href=\"https:\/\/lotusmkt.com.ar\/index.php\/quienes-somos\/\" \/>\n<meta property=\"og:locale\" content=\"es_ES\" \/>\n<meta property=\"og:type\" content=\"article\" \/>\n<meta property=\"og:title\" content=\"Quienes somos\" \/>\n<meta property=\"og:description\" content=\"LOTUS MKT es la divisi\u00f3n de marketing digital de ESTUDIO AR especializada en acciones de Marketing digital y TIC\" \/>\n<meta property=\"og:url\" content=\"https:\/\/lotusmkt.com.ar\/index.php\/quienes-somos\/\" \/>\n<meta property=\"og:site_name\" content=\"Lotus MKT\" \/>\n<meta property=\"article:publisher\" content=\"https:\/\/www.facebook.com\/lotusmkt.ba\" \/>\n<meta property=\"article:modified_time\" content=\"2021-05-22T03:38:05+00:00\" \/>\n<meta name=\"twitter:card\" content=\"summary_large_image\" \/>\n<meta name=\"twitter:label1\" content=\"Tiempo de lectura\" \/>\n\t<meta name=\"twitter:data1\" content=\"1 minuto\" \/>\n<script type=\"application\/ld+json\" class=\"yoast-schema-graph\">{\"@context\":\"https:\\\/\\\/schema.org\",\"@graph\":[{\"@type\":\"WebPage\",\"@id\":\"https:\\\/\\\/lotusmkt.com.ar\\\/index.php\\\/quienes-somos\\\/\",\"url\":\"https:\\\/\\\/lotusmkt.com.ar\\\/index.php\\\/quienes-somos\\\/\",\"name\":\"Quienes somos\",\"isPartOf\":{\"@id\":\"https:\\\/\\\/lotusmkt.com.ar\\\/#website\"},\"datePublished\":\"2021-05-08T15:18:05+00:00\",\"dateModified\":\"2021-05-22T03:38:05+00:00\",\"description\":\"LOTUS MKT es la divisi\u00f3n de marketing digital de ESTUDIO AR especializada en acciones de Marketing digital y TIC\",\"breadcrumb\":{\"@id\":\"https:\\\/\\\/lotusmkt.com.ar\\\/index.php\\\/quienes-somos\\\/#breadcrumb\"},\"inLanguage\":\"es\",\"potentialAction\":[{\"@type\":\"ReadAction\",\"target\":[\"https:\\\/\\\/lotusmkt.com.ar\\\/index.php\\\/quienes-somos\\\/\"]}]},{\"@type\":\"BreadcrumbList\",\"@id\":\"https:\\\/\\\/lotusmkt.com.ar\\\/index.php\\\/quienes-somos\\\/#breadcrumb\",\"itemListElement\":[{\"@type\":\"ListItem\",\"position\":1,\"name\":\"Portada\",\"item\":\"https:\\\/\\\/lotusmkt.com.ar\\\/\"},{\"@type\":\"ListItem\",\"position\":2,\"name\":\"Quienes Somos\"}]},{\"@type\":\"WebSite\",\"@id\":\"https:\\\/\\\/lotusmkt.com.ar\\\/#website\",\"url\":\"https:\\\/\\\/lotusmkt.com.ar\\\/\",\"name\":\"lotusmkt.com.ar\",\"description\":\"Servicios para Internet y redes sociales\",\"publisher\":{\"@id\":\"https:\\\/\\\/lotusmkt.com.ar\\\/#organization\"},\"potentialAction\":[{\"@type\":\"SearchAction\",\"target\":{\"@type\":\"EntryPoint\",\"urlTemplate\":\"https:\\\/\\\/lotusmkt.com.ar\\\/?s={search_term_string}\"},\"query-input\":{\"@type\":\"PropertyValueSpecification\",\"valueRequired\":true,\"valueName\":\"search_term_string\"}}],\"inLanguage\":\"es\"},{\"@type\":\"Organization\",\"@id\":\"https:\\\/\\\/lotusmkt.com.ar\\\/#organization\",\"name\":\"Lotus MKT\",\"url\":\"https:\\\/\\\/lotusmkt.com.ar\\\/\",\"logo\":{\"@type\":\"ImageObject\",\"inLanguage\":\"es\",\"@id\":\"https:\\\/\\\/lotusmkt.com.ar\\\/#\\\/schema\\\/logo\\\/image\\\/\",\"url\":\"https:\\\/\\\/lotusmkt.com.ar\\\/wp-content\\\/uploads\\\/2021\\\/05\\\/logo-3-LOTUS.jpg\",\"contentUrl\":\"https:\\\/\\\/lotusmkt.com.ar\\\/wp-content\\\/uploads\\\/2021\\\/05\\\/logo-3-LOTUS.jpg\",\"width\":531,\"height\":531,\"caption\":\"Lotus MKT\"},\"image\":{\"@id\":\"https:\\\/\\\/lotusmkt.com.ar\\\/#\\\/schema\\\/logo\\\/image\\\/\"},\"sameAs\":[\"https:\\\/\\\/www.facebook.com\\\/lotusmkt.ba\",\"https:\\\/\\\/www.instagram.com\\\/lotusmkt.ba\\\/\"]}]}<\/script>\n<!-- \/ Yoast SEO plugin. -->","yoast_head_json":{"title":"Quienes somos","description":"LOTUS MKT es la divisi\u00f3n de marketing digital de ESTUDIO AR especializada en acciones de Marketing digital y TIC","robots":{"index":"index","follow":"follow","max-snippet":"max-snippet:-1","max-image-preview":"max-image-preview:large","max-video-preview":"max-video-preview:-1"},"canonical":"https:\/\/lotusmkt.com.ar\/index.php\/quienes-somos\/","og_locale":"es_ES","og_type":"article","og_title":"Quienes somos","og_description":"LOTUS MKT es la divisi\u00f3n de marketing digital de ESTUDIO AR especializada en acciones de Marketing digital y TIC","og_url":"https:\/\/lotusmkt.com.ar\/index.php\/quienes-somos\/","og_site_name":"Lotus MKT","article_publisher":"https:\/\/www.facebook.com\/lotusmkt.ba","article_modified_time":"2021-05-22T03:38:05+00:00","twitter_card":"summary_large_image","twitter_misc":{"Tiempo de lectura":"1 minuto"},"schema":{"@context":"https:\/\/schema.org","@graph":[{"@type":"WebPage","@id":"https:\/\/lotusmkt.com.ar\/index.php\/quienes-somos\/","url":"https:\/\/lotusmkt.com.ar\/index.php\/quienes-somos\/","name":"Quienes somos","isPartOf":{"@id":"https:\/\/lotusmkt.com.ar\/#website"},"datePublished":"2021-05-08T15:18:05+00:00","dateModified":"2021-05-22T03:38:05+00:00","description":"LOTUS MKT es la divisi\u00f3n de marketing digital de ESTUDIO AR especializada en acciones de Marketing digital y TIC","breadcrumb":{"@id":"https:\/\/lotusmkt.com.ar\/index.php\/quienes-somos\/#breadcrumb"},"inLanguage":"es","potentialAction":[{"@type":"ReadAction","target":["https:\/\/lotusmkt.com.ar\/index.php\/quienes-somos\/"]}]},{"@type":"BreadcrumbList","@id":"https:\/\/lotusmkt.com.ar\/index.php\/quienes-somos\/#breadcrumb","itemListElement":[{"@type":"ListItem","position":1,"name":"Portada","item":"https:\/\/lotusmkt.com.ar\/"},{"@type":"ListItem","position":2,"name":"Quienes Somos"}]},{"@type":"WebSite","@id":"https:\/\/lotusmkt.com.ar\/#website","url":"https:\/\/lotusmkt.com.ar\/","name":"lotusmkt.com.ar","description":"Servicios para Internet y redes sociales","publisher":{"@id":"https:\/\/lotusmkt.com.ar\/#organization"},"potentialAction":[{"@type":"SearchAction","target":{"@type":"EntryPoint","urlTemplate":"https:\/\/lotusmkt.com.ar\/?s={search_term_string}"},"query-input":{"@type":"PropertyValueSpecification","valueRequired":true,"valueName":"search_term_string"}}],"inLanguage":"es"},{"@type":"Organization","@id":"https:\/\/lotusmkt.com.ar\/#organization","name":"Lotus MKT","url":"https:\/\/lotusmkt.com.ar\/","logo":{"@type":"ImageObject","inLanguage":"es","@id":"https:\/\/lotusmkt.com.ar\/#\/schema\/logo\/image\/","url":"https:\/\/lotusmkt.com.ar\/wp-content\/uploads\/2021\/05\/logo-3-LOTUS.jpg","contentUrl":"https:\/\/lotusmkt.com.ar\/wp-content\/uploads\/2021\/05\/logo-3-LOTUS.jpg","width":531,"height":531,"caption":"Lotus MKT"},"image":{"@id":"https:\/\/lotusmkt.com.ar\/#\/schema\/logo\/image\/"},"sameAs":["https:\/\/www.facebook.com\/lotusmkt.ba","https:\/\/www.instagram.com\/lotusmkt.ba\/"]}]}},"_links":{"self":[{"href":"https:\/\/lotusmkt.com.ar\/index.php\/wp-json\/wp\/v2\/pages\/11","targetHints":{"allow":["GET"]}}],"collection":[{"href":"https:\/\/lotusmkt.com.ar\/index.php\/wp-json\/wp\/v2\/pages"}],"about":[{"href":"https:\/\/lotusmkt.com.ar\/index.php\/wp-json\/wp\/v2\/types\/page"}],"author":[{"embeddable":true,"href":"https:\/\/lotusmkt.com.ar\/index.php\/wp-json\/wp\/v2\/users\/1"}],"replies":[{"embeddable":true,"href":"https:\/\/lotusmkt.com.ar\/index.php\/wp-json\/wp\/v2\/comments?post=11"}],"version-history":[{"count":3,"href":"https:\/\/lotusmkt.com.ar\/index.php\/wp-json\/wp\/v2\/pages\/11\/revisions"}],"predecessor-version":[{"id":153,"href":"https:\/\/lotusmkt.com.ar\/index.php\/wp-json\/wp\/v2\/pages\/11\/revisions\/153"}],"wp:attachment":[{"href":"https:\/\/lotusmkt.com.ar\/index.php\/wp-json\/wp\/v2\/media?parent=11"}],"curies":[{"name":"wp","href":"https:\/\/api.w.org\/{rel}","templated":true}]}}