{"id":13,"date":"2021-05-08T15:18:39","date_gmt":"2021-05-08T15:18:39","guid":{"rendered":"https:\/\/lotusmkt.com.ar\/?page_id=13"},"modified":"2023-03-28T13:30:43","modified_gmt":"2023-03-28T13:30:43","slug":"inicio","status":"publish","type":"page","link":"https:\/\/lotusmkt.com.ar\/","title":{"rendered":"Inicio"},"content":{"rendered":"\t\t<div data-elementor-type=\"wp-page\" data-elementor-id=\"13\" class=\"elementor elementor-13\">\n\t\t\t\t\t\t<section class=\"elementor-section elementor-top-section elementor-element elementor-element-dee7e5a elementor-section-boxed elementor-section-height-default elementor-section-height-default\" data-id=\"dee7e5a\" data-element_type=\"section\" data-e-type=\"section\">\n\t\t\t\t\t\t<div class=\"elementor-container elementor-column-gap-default\">\n\t\t\t\t\t<div class=\"elementor-column elementor-col-100 elementor-top-column elementor-element elementor-element-954ef6e\" data-id=\"954ef6e\" data-element_type=\"column\" data-e-type=\"column\">\n\t\t\t<div class=\"elementor-widget-wrap elementor-element-populated\">\n\t\t\t\t\t\t\t<\/div>\n\t\t<\/div>\n\t\t\t\t\t<\/div>\n\t\t<\/section>\n\t\t\t\t<section class=\"elementor-section elementor-top-section elementor-element elementor-element-38c39298 elementor-section-height-full elementor-section-boxed elementor-section-height-default elementor-section-items-middle\" data-id=\"38c39298\" data-element_type=\"section\" data-e-type=\"section\">\n\t\t\t\t\t\t<div class=\"elementor-container elementor-column-gap-no\">\n\t\t\t\t\t<div class=\"elementor-column elementor-col-100 elementor-top-column elementor-element elementor-element-53592581\" data-id=\"53592581\" data-element_type=\"column\" data-e-type=\"column\">\n\t\t\t<div class=\"elementor-widget-wrap elementor-element-populated\">\n\t\t\t\t\t\t<div class=\"elementor-element elementor-element-5e28c1a6 elementor-widget elementor-widget-heading\" data-id=\"5e28c1a6\" data-element_type=\"widget\" data-e-type=\"widget\" data-widget_type=\"heading.default\">\n\t\t\t\t<div class=\"elementor-widget-container\">\n\t\t\t\t\t<h1 class=\"elementor-heading-title elementor-size-large\">Nuestros servicios PARA INTERNET<\/h1>\t\t\t\t<\/div>\n\t\t\t\t<\/div>\n\t\t\t\t<div class=\"elementor-element elementor-element-245c908 elementor-widget elementor-widget-text-editor\" data-id=\"245c908\" data-element_type=\"widget\" data-e-type=\"widget\" data-widget_type=\"text-editor.default\">\n\t\t\t\t<div class=\"elementor-widget-container\">\n\t\t\t\t\t\t\t\t\t<p>\u00bfNecesitas una presencia en l\u00ednea s\u00f3lida y profesional? Ofrecemos servicios integrales de dise\u00f1o de p\u00e1ginas web que se adaptan a tus necesidades y estilo de negocio. Adem\u00e1s, nuestro equipo de expertos en redes sociales puede ayudarte a aumentar tu visibilidad en l\u00ednea y a conectarte con tus clientes.<\/p>\t\t\t\t\t\t\t\t<\/div>\n\t\t\t\t<\/div>\n\t\t\t\t<section class=\"elementor-section elementor-inner-section elementor-element elementor-element-79ce380b elementor-section-boxed elementor-section-height-default elementor-section-height-default\" data-id=\"79ce380b\" data-element_type=\"section\" data-e-type=\"section\" data-settings=\"{&quot;background_background&quot;:&quot;classic&quot;}\">\n\t\t\t\t\t\t<div class=\"elementor-container elementor-column-gap-no\">\n\t\t\t\t\t<div class=\"elementor-column elementor-col-33 elementor-inner-column elementor-element elementor-element-2a047654\" data-id=\"2a047654\" data-element_type=\"column\" data-e-type=\"column\" data-settings=\"{&quot;background_background&quot;:&quot;classic&quot;}\">\n\t\t\t<div class=\"elementor-widget-wrap elementor-element-populated\">\n\t\t\t\t\t\t<div class=\"elementor-element elementor-element-23e3c6ae elementor-widget elementor-widget-image\" data-id=\"23e3c6ae\" data-element_type=\"widget\" data-e-type=\"widget\" data-widget_type=\"image.default\">\n\t\t\t\t<div class=\"elementor-widget-container\">\n\t\t\t\t\t\t\t\t\t\t\t\t\t\t\t\t<a href=\"https:\/\/lotusmkt.com.ar\/index.php\/2021\/05\/10\/web-seo\/\">\n\t\t\t\t\t\t\t<img fetchpriority=\"high\" decoding=\"async\" width=\"350\" height=\"206\" src=\"https:\/\/lotusmkt.com.ar\/wp-content\/uploads\/2021\/05\/web-seo-2.jpg\" class=\"attachment-full size-full wp-image-87\" alt=\"web seo\" srcset=\"https:\/\/lotusmkt.com.ar\/wp-content\/uploads\/2021\/05\/web-seo-2.jpg 350w, https:\/\/lotusmkt.com.ar\/wp-content\/uploads\/2021\/05\/web-seo-2-300x177.jpg 300w, https:\/\/lotusmkt.com.ar\/wp-content\/uploads\/2021\/05\/web-seo-2-1x1.jpg 1w\" sizes=\"(max-width: 350px) 100vw, 350px\" \/>\t\t\t\t\t\t\t\t<\/a>\n\t\t\t\t\t\t\t\t\t\t\t\t\t\t\t<\/div>\n\t\t\t\t<\/div>\n\t\t\t\t<div class=\"elementor-element elementor-element-5f361be2 elementor-widget elementor-widget-heading\" data-id=\"5f361be2\" data-element_type=\"widget\" data-e-type=\"widget\" data-widget_type=\"heading.default\">\n\t\t\t\t<div class=\"elementor-widget-container\">\n\t\t\t\t\t<h1 class=\"elementor-heading-title elementor-size-large\">WEB SEO<\/h1>\t\t\t\t<\/div>\n\t\t\t\t<\/div>\n\t\t\t\t<div class=\"elementor-element elementor-element-2ed37e01 elementor-widget elementor-widget-text-editor\" data-id=\"2ed37e01\" data-element_type=\"widget\" data-e-type=\"widget\" data-widget_type=\"text-editor.default\">\n\t\t\t\t<div class=\"elementor-widget-container\">\n\t\t\t\t\t\t\t\t\t<p>La p\u00e1gina web es el centro de todas las acciones de MARKETING DIGITAL, web seo es esencial para su buen funcionamiento y posicionamiento en Google.<\/p>\t\t\t\t\t\t\t\t<\/div>\n\t\t\t\t<\/div>\n\t\t\t\t\t<\/div>\n\t\t<\/div>\n\t\t\t\t<div class=\"elementor-column elementor-col-33 elementor-inner-column elementor-element elementor-element-7f484d25\" data-id=\"7f484d25\" data-element_type=\"column\" data-e-type=\"column\" data-settings=\"{&quot;background_background&quot;:&quot;classic&quot;}\">\n\t\t\t<div class=\"elementor-widget-wrap elementor-element-populated\">\n\t\t\t\t\t\t<div class=\"elementor-element elementor-element-ef4e25 elementor-widget elementor-widget-image\" data-id=\"ef4e25\" data-element_type=\"widget\" data-e-type=\"widget\" data-widget_type=\"image.default\">\n\t\t\t\t<div class=\"elementor-widget-container\">\n\t\t\t\t\t\t\t\t\t\t\t\t\t\t\t\t<a href=\"https:\/\/lotusmkt.com.ar\/index.php\/2021\/05\/10\/community-management\/\">\n\t\t\t\t\t\t\t<img decoding=\"async\" width=\"350\" height=\"206\" src=\"https:\/\/lotusmkt.com.ar\/wp-content\/uploads\/2021\/05\/community-manager.jpg\" class=\"attachment-full size-full wp-image-88\" alt=\"community manager\" srcset=\"https:\/\/lotusmkt.com.ar\/wp-content\/uploads\/2021\/05\/community-manager.jpg 350w, https:\/\/lotusmkt.com.ar\/wp-content\/uploads\/2021\/05\/community-manager-300x177.jpg 300w, https:\/\/lotusmkt.com.ar\/wp-content\/uploads\/2021\/05\/community-manager-1x1.jpg 1w\" sizes=\"(max-width: 350px) 100vw, 350px\" \/>\t\t\t\t\t\t\t\t<\/a>\n\t\t\t\t\t\t\t\t\t\t\t\t\t\t\t<\/div>\n\t\t\t\t<\/div>\n\t\t\t\t<div class=\"elementor-element elementor-element-d16eef7 elementor-widget elementor-widget-heading\" data-id=\"d16eef7\" data-element_type=\"widget\" data-e-type=\"widget\" data-widget_type=\"heading.default\">\n\t\t\t\t<div class=\"elementor-widget-container\">\n\t\t\t\t\t<h1 class=\"elementor-heading-title elementor-size-large\">COMMUNITY MANAGEMENT<\/h1>\t\t\t\t<\/div>\n\t\t\t\t<\/div>\n\t\t\t\t<div class=\"elementor-element elementor-element-5db1467c elementor-widget elementor-widget-text-editor\" data-id=\"5db1467c\" data-element_type=\"widget\" data-e-type=\"widget\" data-widget_type=\"text-editor.default\">\n\t\t\t\t<div class=\"elementor-widget-container\">\n\t\t\t\t\t\t\t\t\t<p>El community manager atiende y hace crecer tu comunidad y motiva el contacto con tus vendedores.<\/p>\t\t\t\t\t\t\t\t<\/div>\n\t\t\t\t<\/div>\n\t\t\t\t\t<\/div>\n\t\t<\/div>\n\t\t\t\t<div class=\"elementor-column elementor-col-33 elementor-inner-column elementor-element elementor-element-1426f26a\" data-id=\"1426f26a\" data-element_type=\"column\" data-e-type=\"column\" data-settings=\"{&quot;background_background&quot;:&quot;classic&quot;}\">\n\t\t\t<div class=\"elementor-widget-wrap elementor-element-populated\">\n\t\t\t\t\t\t<div class=\"elementor-element elementor-element-64bd3fcf elementor-widget elementor-widget-image\" data-id=\"64bd3fcf\" data-element_type=\"widget\" data-e-type=\"widget\" data-widget_type=\"image.default\">\n\t\t\t\t<div class=\"elementor-widget-container\">\n\t\t\t\t\t\t\t\t\t\t\t\t\t\t\t\t<a href=\"https:\/\/lotusmkt.com.ar\/index.php\/2021\/05\/10\/difusion\/\">\n\t\t\t\t\t\t\t<img decoding=\"async\" width=\"350\" height=\"206\" src=\"https:\/\/lotusmkt.com.ar\/wp-content\/uploads\/2021\/05\/publicidad.jpg\" class=\"attachment-full size-full wp-image-89\" alt=\"publicidad y difusion en Internet\" srcset=\"https:\/\/lotusmkt.com.ar\/wp-content\/uploads\/2021\/05\/publicidad.jpg 350w, https:\/\/lotusmkt.com.ar\/wp-content\/uploads\/2021\/05\/publicidad-300x177.jpg 300w, https:\/\/lotusmkt.com.ar\/wp-content\/uploads\/2021\/05\/publicidad-1x1.jpg 1w\" sizes=\"(max-width: 350px) 100vw, 350px\" \/>\t\t\t\t\t\t\t\t<\/a>\n\t\t\t\t\t\t\t\t\t\t\t\t\t\t\t<\/div>\n\t\t\t\t<\/div>\n\t\t\t\t<div class=\"elementor-element elementor-element-4b747c5b elementor-widget elementor-widget-heading\" data-id=\"4b747c5b\" data-element_type=\"widget\" data-e-type=\"widget\" data-widget_type=\"heading.default\">\n\t\t\t\t<div class=\"elementor-widget-container\">\n\t\t\t\t\t<h1 class=\"elementor-heading-title elementor-size-large\">PUBLICIDAD EN GOOGLE<\/h1>\t\t\t\t<\/div>\n\t\t\t\t<\/div>\n\t\t\t\t<div class=\"elementor-element elementor-element-70a72fc0 elementor-widget elementor-widget-text-editor\" data-id=\"70a72fc0\" data-element_type=\"widget\" data-e-type=\"widget\" data-widget_type=\"text-editor.default\">\n\t\t\t\t<div class=\"elementor-widget-container\">\n\t\t\t\t\t\t\t\t\t<p>Google Ads son las famosas campa\u00f1as de difusi\u00f3n y publicidad de Google, esenciales para expandir tu negocio.<\/p>\t\t\t\t\t\t\t\t<\/div>\n\t\t\t\t<\/div>\n\t\t\t\t\t<\/div>\n\t\t<\/div>\n\t\t\t\t\t<\/div>\n\t\t<\/section>\n\t\t\t\t\t<\/div>\n\t\t<\/div>\n\t\t\t\t\t<\/div>\n\t\t<\/section>\n\t\t\t\t<section class=\"elementor-section elementor-top-section elementor-element elementor-element-7e83d9ef elementor-section-boxed elementor-section-height-default elementor-section-height-default\" data-id=\"7e83d9ef\" data-element_type=\"section\" data-e-type=\"section\">\n\t\t\t\t\t\t<div class=\"elementor-container elementor-column-gap-default\">\n\t\t\t\t\t<div class=\"elementor-column elementor-col-100 elementor-top-column elementor-element elementor-element-2a458fa3\" data-id=\"2a458fa3\" data-element_type=\"column\" data-e-type=\"column\">\n\t\t\t<div class=\"elementor-widget-wrap elementor-element-populated\">\n\t\t\t\t\t\t<div class=\"elementor-element elementor-element-37204d9 elementor-widget elementor-widget-heading\" data-id=\"37204d9\" data-element_type=\"widget\" data-e-type=\"widget\" data-widget_type=\"heading.default\">\n\t\t\t\t<div class=\"elementor-widget-container\">\n\t\t\t\t\t<h2 class=\"elementor-heading-title elementor-size-default\">Cont\u00e1ctanos hoy mismo<\/h2>\t\t\t\t<\/div>\n\t\t\t\t<\/div>\n\t\t\t\t<div class=\"elementor-element elementor-element-bbe937f elementor-widget elementor-widget-text-editor\" data-id=\"bbe937f\" data-element_type=\"widget\" data-e-type=\"widget\" data-widget_type=\"text-editor.default\">\n\t\t\t\t<div class=\"elementor-widget-container\">\n\t\t\t\t\t\t\t\t\t<p>\u00a1No te pierdas la oportunidad de alcanzar tu p\u00fablico objetivo a trav\u00e9s de nuestras campa\u00f1as de publicidad en Internet! lleva tu negocio al siguiente nivel.<\/p><p>Estamos para asesorar a nuestros clientes para que su experiencia en Internet sea la mejor posible.<\/p>\t\t\t\t\t\t\t\t<\/div>\n\t\t\t\t<\/div>\n\t\t\t\t\t<\/div>\n\t\t<\/div>\n\t\t\t\t\t<\/div>\n\t\t<\/section>\n\t\t\t\t<section class=\"elementor-section elementor-top-section elementor-element elementor-element-76b41601 elementor-section-full_width elementor-section-height-default elementor-section-height-default\" data-id=\"76b41601\" data-element_type=\"section\" data-e-type=\"section\" data-settings=\"{&quot;background_background&quot;:&quot;classic&quot;}\">\n\t\t\t\t\t\t<div class=\"elementor-container elementor-column-gap-default\">\n\t\t\t\t\t<div class=\"elementor-column elementor-col-33 elementor-top-column elementor-element elementor-element-3c0cdf0a\" data-id=\"3c0cdf0a\" data-element_type=\"column\" data-e-type=\"column\">\n\t\t\t<div class=\"elementor-widget-wrap elementor-element-populated\">\n\t\t\t\t\t\t<div class=\"elementor-element elementor-element-ad03cab elementor-widget elementor-widget-image\" data-id=\"ad03cab\" data-element_type=\"widget\" data-e-type=\"widget\" data-widget_type=\"image.default\">\n\t\t\t\t<div class=\"elementor-widget-container\">\n\t\t\t\t\t\t\t\t\t\t\t\t\t\t\t<img decoding=\"async\" src=\"https:\/\/lotusmkt.com.ar\/wp-content\/uploads\/elementor\/thumbs\/isotipo-lotus-p6vhewxvhckxeerzxodjz7o94wvq6gsibb3vqcle9g.png\" title=\"isotipo lotus\" alt=\"isotipo lotus\" loading=\"lazy\" \/>\t\t\t\t\t\t\t\t\t\t\t\t\t\t\t<\/div>\n\t\t\t\t<\/div>\n\t\t\t\t<div class=\"elementor-element elementor-element-31852f6 elementor-widget elementor-widget-text-editor\" data-id=\"31852f6\" data-element_type=\"widget\" data-e-type=\"widget\" data-widget_type=\"text-editor.default\">\n\t\t\t\t<div class=\"elementor-widget-container\">\n\t\t\t\t\t\t\t\t\t<p>LOTUS Mkt<\/p>\t\t\t\t\t\t\t\t<\/div>\n\t\t\t\t<\/div>\n\t\t\t\t\t<\/div>\n\t\t<\/div>\n\t\t\t\t<div class=\"elementor-column elementor-col-33 elementor-top-column elementor-element elementor-element-e7d7f83\" data-id=\"e7d7f83\" data-element_type=\"column\" data-e-type=\"column\">\n\t\t\t<div class=\"elementor-widget-wrap elementor-element-populated\">\n\t\t\t\t\t\t<div class=\"elementor-element elementor-element-b878c08 elementor-widget elementor-widget-text-editor\" data-id=\"b878c08\" data-element_type=\"widget\" data-e-type=\"widget\" data-widget_type=\"text-editor.default\">\n\t\t\t\t<div class=\"elementor-widget-container\">\n\t\t\t\t\t\t\t\t\t<p>J.P.Varela 4132<\/p><p>CABA<\/p><p>Tel.: 15 5873 7875<\/p>\t\t\t\t\t\t\t\t<\/div>\n\t\t\t\t<\/div>\n\t\t\t\t\t<\/div>\n\t\t<\/div>\n\t\t\t\t<div class=\"elementor-column elementor-col-33 elementor-top-column elementor-element elementor-element-1755707\" data-id=\"1755707\" data-element_type=\"column\" data-e-type=\"column\">\n\t\t\t<div class=\"elementor-widget-wrap elementor-element-populated\">\n\t\t\t\t\t\t<div class=\"elementor-element elementor-element-c98502d elementor-widget elementor-widget-google_maps\" data-id=\"c98502d\" data-element_type=\"widget\" data-e-type=\"widget\" data-widget_type=\"google_maps.default\">\n\t\t\t\t<div class=\"elementor-widget-container\">\n\t\t\t\t\t\t\t<div class=\"elementor-custom-embed\">\n\t\t\t<iframe loading=\"lazy\"\n\t\t\t\t\tsrc=\"https:\/\/maps.google.com\/maps?q=Jos%C3%A9%20Pedro%20Varela%204132%2C%20caba&#038;t=m&#038;z=17&#038;output=embed&#038;iwloc=near\"\n\t\t\t\t\ttitle=\"Jos\u00e9 Pedro Varela 4132, caba\"\n\t\t\t\t\taria-label=\"Jos\u00e9 Pedro Varela 4132, caba\"\n\t\t\t><\/iframe>\n\t\t<\/div>\n\t\t\t\t\t\t<\/div>\n\t\t\t\t<\/div>\n\t\t\t\t\t<\/div>\n\t\t<\/div>\n\t\t\t\t\t<\/div>\n\t\t<\/section>\n\t\t\t\t<\/div>\n\t\t","protected":false},"excerpt":{"rendered":"<p>Nuestros servicios PARA INTERNET \u00bfNecesitas una presencia en l\u00ednea s\u00f3lida y profesional? Ofrecemos servicios integrales de dise\u00f1o de p\u00e1ginas web que se adaptan a tus necesidades y estilo de negocio. Adem\u00e1s, nuestro equipo de expertos en redes sociales puede ayudarte a aumentar tu visibilidad en l\u00ednea y a conectarte con tus clientes. WEB SEO La [&hellip;]<\/p>\n","protected":false},"author":1,"featured_media":63,"parent":0,"menu_order":0,"comment_status":"closed","ping_status":"closed","template":"elementor_header_footer","meta":{"footnotes":""},"class_list":["post-13","page","type-page","status-publish","has-post-thumbnail","hentry"],"yoast_head":"<!-- This site is optimized with the Yoast SEO plugin v27.5 - https:\/\/yoast.com\/product\/yoast-seo-wordpress\/ -->\n<title>Inicio<\/title>\n<meta name=\"description\" content=\"Implementamos recursos del marketing digital para mejorar su negocio, aumentar las ventas, y crear una comunidad de consumidores.\" \/>\n<meta name=\"robots\" content=\"index, follow, max-snippet:-1, max-image-preview:large, max-video-preview:-1\" \/>\n<link rel=\"canonical\" href=\"https:\/\/lotusmkt.com.ar\/\" \/>\n<meta property=\"og:locale\" content=\"es_ES\" \/>\n<meta property=\"og:type\" content=\"article\" \/>\n<meta property=\"og:title\" content=\"Inicio\" \/>\n<meta property=\"og:description\" content=\"Implementamos recursos del marketing digital para mejorar su negocio, aumentar las ventas, y crear una comunidad de consumidores.\" \/>\n<meta property=\"og:url\" content=\"https:\/\/lotusmkt.com.ar\/\" \/>\n<meta property=\"og:site_name\" content=\"Lotus MKT\" \/>\n<meta property=\"article:publisher\" content=\"https:\/\/www.facebook.com\/lotusmkt.ba\" \/>\n<meta property=\"article:modified_time\" content=\"2023-03-28T13:30:43+00:00\" \/>\n<meta property=\"og:image\" content=\"https:\/\/lotusmkt.com.ar\/wp-content\/uploads\/2021\/05\/oficinas.jpg\" \/>\n\t<meta property=\"og:image:width\" content=\"955\" \/>\n\t<meta property=\"og:image:height\" content=\"637\" \/>\n\t<meta property=\"og:image:type\" content=\"image\/jpeg\" \/>\n<meta name=\"twitter:card\" content=\"summary_large_image\" \/>\n<meta name=\"twitter:label1\" content=\"Tiempo de lectura\" \/>\n\t<meta name=\"twitter:data1\" content=\"2 minutos\" \/>\n<script type=\"application\/ld+json\" class=\"yoast-schema-graph\">{\"@context\":\"https:\\\/\\\/schema.org\",\"@graph\":[{\"@type\":\"WebPage\",\"@id\":\"https:\\\/\\\/lotusmkt.com.ar\\\/\",\"url\":\"https:\\\/\\\/lotusmkt.com.ar\\\/\",\"name\":\"Inicio\",\"isPartOf\":{\"@id\":\"https:\\\/\\\/lotusmkt.com.ar\\\/#website\"},\"primaryImageOfPage\":{\"@id\":\"https:\\\/\\\/lotusmkt.com.ar\\\/#primaryimage\"},\"image\":{\"@id\":\"https:\\\/\\\/lotusmkt.com.ar\\\/#primaryimage\"},\"thumbnailUrl\":\"https:\\\/\\\/lotusmkt.com.ar\\\/wp-content\\\/uploads\\\/2021\\\/05\\\/oficinas.jpg\",\"datePublished\":\"2021-05-08T15:18:39+00:00\",\"dateModified\":\"2023-03-28T13:30:43+00:00\",\"description\":\"Implementamos recursos del marketing digital para mejorar su negocio, aumentar las ventas, y crear una comunidad de consumidores.\",\"breadcrumb\":{\"@id\":\"https:\\\/\\\/lotusmkt.com.ar\\\/#breadcrumb\"},\"inLanguage\":\"es\",\"potentialAction\":[{\"@type\":\"ReadAction\",\"target\":[\"https:\\\/\\\/lotusmkt.com.ar\\\/\"]}]},{\"@type\":\"ImageObject\",\"inLanguage\":\"es\",\"@id\":\"https:\\\/\\\/lotusmkt.com.ar\\\/#primaryimage\",\"url\":\"https:\\\/\\\/lotusmkt.com.ar\\\/wp-content\\\/uploads\\\/2021\\\/05\\\/oficinas.jpg\",\"contentUrl\":\"https:\\\/\\\/lotusmkt.com.ar\\\/wp-content\\\/uploads\\\/2021\\\/05\\\/oficinas.jpg\",\"width\":955,\"height\":637,\"caption\":\"Somos Lotus MKT\"},{\"@type\":\"BreadcrumbList\",\"@id\":\"https:\\\/\\\/lotusmkt.com.ar\\\/#breadcrumb\",\"itemListElement\":[{\"@type\":\"ListItem\",\"position\":1,\"name\":\"Portada\",\"item\":\"https:\\\/\\\/lotusmkt.com.ar\\\/\"},{\"@type\":\"ListItem\",\"position\":2,\"name\":\"Inicio\"}]},{\"@type\":\"WebSite\",\"@id\":\"https:\\\/\\\/lotusmkt.com.ar\\\/#website\",\"url\":\"https:\\\/\\\/lotusmkt.com.ar\\\/\",\"name\":\"lotusmkt.com.ar\",\"description\":\"Servicios para Internet y redes sociales\",\"publisher\":{\"@id\":\"https:\\\/\\\/lotusmkt.com.ar\\\/#organization\"},\"potentialAction\":[{\"@type\":\"SearchAction\",\"target\":{\"@type\":\"EntryPoint\",\"urlTemplate\":\"https:\\\/\\\/lotusmkt.com.ar\\\/?s={search_term_string}\"},\"query-input\":{\"@type\":\"PropertyValueSpecification\",\"valueRequired\":true,\"valueName\":\"search_term_string\"}}],\"inLanguage\":\"es\"},{\"@type\":\"Organization\",\"@id\":\"https:\\\/\\\/lotusmkt.com.ar\\\/#organization\",\"name\":\"Lotus MKT\",\"url\":\"https:\\\/\\\/lotusmkt.com.ar\\\/\",\"logo\":{\"@type\":\"ImageObject\",\"inLanguage\":\"es\",\"@id\":\"https:\\\/\\\/lotusmkt.com.ar\\\/#\\\/schema\\\/logo\\\/image\\\/\",\"url\":\"https:\\\/\\\/lotusmkt.com.ar\\\/wp-content\\\/uploads\\\/2021\\\/05\\\/logo-3-LOTUS.jpg\",\"contentUrl\":\"https:\\\/\\\/lotusmkt.com.ar\\\/wp-content\\\/uploads\\\/2021\\\/05\\\/logo-3-LOTUS.jpg\",\"width\":531,\"height\":531,\"caption\":\"Lotus MKT\"},\"image\":{\"@id\":\"https:\\\/\\\/lotusmkt.com.ar\\\/#\\\/schema\\\/logo\\\/image\\\/\"},\"sameAs\":[\"https:\\\/\\\/www.facebook.com\\\/lotusmkt.ba\",\"https:\\\/\\\/www.instagram.com\\\/lotusmkt.ba\\\/\"]}]}<\/script>\n<!-- \/ Yoast SEO plugin. -->","yoast_head_json":{"title":"Inicio","description":"Implementamos recursos del marketing digital para mejorar su negocio, aumentar las ventas, y crear una comunidad de consumidores.","robots":{"index":"index","follow":"follow","max-snippet":"max-snippet:-1","max-image-preview":"max-image-preview:large","max-video-preview":"max-video-preview:-1"},"canonical":"https:\/\/lotusmkt.com.ar\/","og_locale":"es_ES","og_type":"article","og_title":"Inicio","og_description":"Implementamos recursos del marketing digital para mejorar su negocio, aumentar las ventas, y crear una comunidad de consumidores.","og_url":"https:\/\/lotusmkt.com.ar\/","og_site_name":"Lotus MKT","article_publisher":"https:\/\/www.facebook.com\/lotusmkt.ba","article_modified_time":"2023-03-28T13:30:43+00:00","og_image":[{"width":955,"height":637,"url":"https:\/\/lotusmkt.com.ar\/wp-content\/uploads\/2021\/05\/oficinas.jpg","type":"image\/jpeg"}],"twitter_card":"summary_large_image","twitter_misc":{"Tiempo de lectura":"2 minutos"},"schema":{"@context":"https:\/\/schema.org","@graph":[{"@type":"WebPage","@id":"https:\/\/lotusmkt.com.ar\/","url":"https:\/\/lotusmkt.com.ar\/","name":"Inicio","isPartOf":{"@id":"https:\/\/lotusmkt.com.ar\/#website"},"primaryImageOfPage":{"@id":"https:\/\/lotusmkt.com.ar\/#primaryimage"},"image":{"@id":"https:\/\/lotusmkt.com.ar\/#primaryimage"},"thumbnailUrl":"https:\/\/lotusmkt.com.ar\/wp-content\/uploads\/2021\/05\/oficinas.jpg","datePublished":"2021-05-08T15:18:39+00:00","dateModified":"2023-03-28T13:30:43+00:00","description":"Implementamos recursos del marketing digital para mejorar su negocio, aumentar las ventas, y crear una comunidad de consumidores.","breadcrumb":{"@id":"https:\/\/lotusmkt.com.ar\/#breadcrumb"},"inLanguage":"es","potentialAction":[{"@type":"ReadAction","target":["https:\/\/lotusmkt.com.ar\/"]}]},{"@type":"ImageObject","inLanguage":"es","@id":"https:\/\/lotusmkt.com.ar\/#primaryimage","url":"https:\/\/lotusmkt.com.ar\/wp-content\/uploads\/2021\/05\/oficinas.jpg","contentUrl":"https:\/\/lotusmkt.com.ar\/wp-content\/uploads\/2021\/05\/oficinas.jpg","width":955,"height":637,"caption":"Somos Lotus MKT"},{"@type":"BreadcrumbList","@id":"https:\/\/lotusmkt.com.ar\/#breadcrumb","itemListElement":[{"@type":"ListItem","position":1,"name":"Portada","item":"https:\/\/lotusmkt.com.ar\/"},{"@type":"ListItem","position":2,"name":"Inicio"}]},{"@type":"WebSite","@id":"https:\/\/lotusmkt.com.ar\/#website","url":"https:\/\/lotusmkt.com.ar\/","name":"lotusmkt.com.ar","description":"Servicios para Internet y redes sociales","publisher":{"@id":"https:\/\/lotusmkt.com.ar\/#organization"},"potentialAction":[{"@type":"SearchAction","target":{"@type":"EntryPoint","urlTemplate":"https:\/\/lotusmkt.com.ar\/?s={search_term_string}"},"query-input":{"@type":"PropertyValueSpecification","valueRequired":true,"valueName":"search_term_string"}}],"inLanguage":"es"},{"@type":"Organization","@id":"https:\/\/lotusmkt.com.ar\/#organization","name":"Lotus MKT","url":"https:\/\/lotusmkt.com.ar\/","logo":{"@type":"ImageObject","inLanguage":"es","@id":"https:\/\/lotusmkt.com.ar\/#\/schema\/logo\/image\/","url":"https:\/\/lotusmkt.com.ar\/wp-content\/uploads\/2021\/05\/logo-3-LOTUS.jpg","contentUrl":"https:\/\/lotusmkt.com.ar\/wp-content\/uploads\/2021\/05\/logo-3-LOTUS.jpg","width":531,"height":531,"caption":"Lotus MKT"},"image":{"@id":"https:\/\/lotusmkt.com.ar\/#\/schema\/logo\/image\/"},"sameAs":["https:\/\/www.facebook.com\/lotusmkt.ba","https:\/\/www.instagram.com\/lotusmkt.ba\/"]}]}},"_links":{"self":[{"href":"https:\/\/lotusmkt.com.ar\/index.php\/wp-json\/wp\/v2\/pages\/13","targetHints":{"allow":["GET"]}}],"collection":[{"href":"https:\/\/lotusmkt.com.ar\/index.php\/wp-json\/wp\/v2\/pages"}],"about":[{"href":"https:\/\/lotusmkt.com.ar\/index.php\/wp-json\/wp\/v2\/types\/page"}],"author":[{"embeddable":true,"href":"https:\/\/lotusmkt.com.ar\/index.php\/wp-json\/wp\/v2\/users\/1"}],"replies":[{"embeddable":true,"href":"https:\/\/lotusmkt.com.ar\/index.php\/wp-json\/wp\/v2\/comments?post=13"}],"version-history":[{"count":92,"href":"https:\/\/lotusmkt.com.ar\/index.php\/wp-json\/wp\/v2\/pages\/13\/revisions"}],"predecessor-version":[{"id":207,"href":"https:\/\/lotusmkt.com.ar\/index.php\/wp-json\/wp\/v2\/pages\/13\/revisions\/207"}],"wp:featuredmedia":[{"embeddable":true,"href":"https:\/\/lotusmkt.com.ar\/index.php\/wp-json\/wp\/v2\/media\/63"}],"wp:attachment":[{"href":"https:\/\/lotusmkt.com.ar\/index.php\/wp-json\/wp\/v2\/media?parent=13"}],"curies":[{"name":"wp","href":"https:\/\/api.w.org\/{rel}","templated":true}]}}